{"id":482,"date":"2021-03-02T11:15:31","date_gmt":"2021-03-02T15:15:31","guid":{"rendered":"https:\/\/cifardlrllocal.local\/accueil\/"},"modified":"2026-01-30T18:55:25","modified_gmt":"2026-01-30T22:55:25","slug":"accueil","status":"publish","type":"page","link":"https:\/\/dlrl.ca\/fr\/","title":{"rendered":"Accueil"},"content":{"rendered":"\n\n\t<h1>L\u00e0 o\u00f9 le monde apprend&nbsp;l&rsquo;IA<\/h1>\n\t<p>Juillet 2026<\/p>\n\t<p>P\u00e9riode d&rsquo;inscription \u00e0 venir<\/p>\n\t<h2>2026 : l&rsquo;\u00c9cole d&rsquo;\u00e9t\u00e9 sur l&rsquo;APAR fait peau&nbsp;neuve<\/h2>\n\t<p>Depuis 2005, l&rsquo;\u00c9cole d&rsquo;\u00e9t\u00e9 sur l&rsquo;apprentissage profond et l&rsquo;apprentissage par renforcement (DLRL) du CIFAR s&rsquo;impose comme le principal incubateur de la rel\u00e8ve canadienne en&nbsp;IA.<\/p>\n<p>Pour suivre l&rsquo;\u00e9volution rapide du secteur, nous red\u00e9finissons l&rsquo;exp\u00e9rience de l&rsquo;\u00c9cole d&rsquo;\u00e9t\u00e9. Le programme 2026 mise sur une formule percutante compl\u00e8tement repens\u00e9e pour conjuguer bases th\u00e9oriques et formation appliqu\u00e9e. L&rsquo;\u00e9dition de cette ann\u00e9e est con\u00e7ue pour outiller les plus brillants cerveaux du Canada face aux d\u00e9fis les plus pressants de&nbsp;l&rsquo;IA.<\/p>\n<p><strong>P\u00e9riode d&rsquo;inscription \u00e0 venir<\/strong>. Les d\u00e9tails du nouveau programme seront d\u00e9voil\u00e9s en <strong>f\u00e9vrier&nbsp;2026<\/strong>, et la p\u00e9riode d&rsquo;inscription d\u00e9butera peu apr\u00e8s. L&rsquo;\u00c9cole d&rsquo;\u00e9t\u00e9 sur l&rsquo;APAR est un programme r\u00e9serv\u00e9 aux personnes inscrites \u00e0 un programme de ma\u00eetrise, de doctorat ou de postdoctorat au sein d&rsquo;un \u00e9tablissement canadien.<\/p>\n<h2>\n\t\t\tMerci \u00e0 nos partenaires\t<\/h2>\n\t\t<h2>Abonnez-vous \u00e0 l&rsquo;infolettre de l&rsquo;EEAPAR pour rester au courant des activit\u00e9s.<\/h2>\n\t\t\t<a href=\"https:\/\/dlrl.ca\/fr\/abonnez-vous\/\" target=\"_self\"   role=\"button\" aria-label=\"Abonnez-vous \u00e0 l'infolettre de l'EEAPAR\">\n\t\t\t\t\t\t\tAbonnez-vous \u00e0 l&rsquo;infolettre de l&rsquo;EEAPAR\n\t\t<\/a>\n\t\t<h2>Abonnez-vous au Bulletin IACan pour ne rien manquer des nouvelles, des \u00e9v\u00e9nement et des activit\u00e9s de recherche en IA au Canada.<\/h2>\n\t\t\t<a href=\"https:\/\/cifar.ca\/fr\/abonnez-vous\/\" target=\"_blank\" rel=\"noopener\"  role=\"button\" aria-label=\"Abonnez-vous au Bulletin IACan\">\n\t\t\t\t\t\t\tAbonnez-vous au Bulletin IACan\n\t\t<\/a>\n\t\t<h2>Besoin d&rsquo;info&nbsp;?<\/h2>\n\t\t\t<a href=\"mailto:info@dlrl.ca?subject=Demande sur les commandites de l'EEAPAR\" target=\"_self\"   role=\"button\" aria-label=\"\u00c9crivez \u00e0 info@dlrl.ca\">\n\t\t\t\t\t\t\t\u00c9crivez \u00e0 info@dlrl.ca\n\t\t<\/a>\n\t\t\t\t<img decoding=\"async\" src=\"https:\/\/dlrl.ca\/wp-content\/uploads\/2020\/07\/testimonial-yoshua-bengio-1.jpg\" alt=\"testimonial-yoshua-bengio\" title=\"testimonial-yoshua-bengio\" itemprop=\"image\"\/>\n\t\t\t\t\t\t\t<p>\u00ab&nbsp;L&rsquo;EEAPAR est un lieu d&rsquo;apprentissage du plus haut niveau scientifique dans des domaines de recherche qui changent le monde, mais c&rsquo;est aussi une occasion de r\u00e9seauter, de cr\u00e9er des liens durables et de d\u00e9velopper de futures collaborations.&nbsp;\u00bb<\/p>\t\t\t\t\t\t\n\t\t\t\t\t\t\t\tYoshua Bengio \t\t\t\t\t\t\t\t\n\t\t\t\t\t\t\t\t\tTitulaire de chaire en IA Canada-CIFAR, Mila | Coresponsable du programme Apprentissage automatique, apprentissage biologique du CIFAR | Directeur scientifique, IVADO | Directeur scientifique, Mila | Professeur, Universit\u00e9 de Montr\u00e9al\t\t\t\t\t\t\t\t\n\t\t\t\t<img decoding=\"async\" src=\"https:\/\/dlrl.ca\/wp-content\/uploads\/2020\/07\/testimonial-kimberly-nestor.jpg\" alt=\"Kimberly Nestor\" title=\"testimonial-kimberly-nestor\" itemprop=\"image\"\/>\n\t\t\t\t\t\t\t<p>\u00ab&nbsp;La participation \u00e0 l&rsquo;\u00c9cole d&rsquo;\u00e9t\u00e9 APAR&nbsp;2023 a \u00e9t\u00e9 une exp\u00e9rience tr\u00e8s enrichissante! La formation \u00e9tait tr\u00e8s motivante et m&rsquo;a permis d&rsquo;\u00e9tendre mes connaissances dans ce domaine. Je me suis fait des amis et des relations pour la vie, tout en d\u00e9couvrant des possibilit\u00e9s de stages et d&rsquo;\u00e9tudes postdoctorales.&nbsp;\u00bb<\/p>\n\t\t\t\t\t\t\t\tKimberly Nestor\t\t\t\t\t\t\t\t\n\t\t\t\t<img decoding=\"async\" src=\"https:\/\/dlrl.ca\/wp-content\/uploads\/2021\/06\/speaker-kyunghyun-cho.png\" alt=\"Kyunghyun Cho\" title=\"speaker-kyunghyun-cho\" itemprop=\"image\"\/>\n\t\t\t\t\t\t\t<p>\u00ab&nbsp;J&rsquo;ai particip\u00e9 \u00e0 l&rsquo;\u00c9cole d&rsquo;\u00e9t\u00e9 APAR au d\u00e9but de ma carri\u00e8re. Les conf\u00e9rences \u00e9taient extraordinaires et ont permis une interaction \u00e9troite entre les personnes pr\u00e9sentes. C&rsquo;est \u00e0 ce moment que j&rsquo;ai d\u00e9cid\u00e9 de poursuivre mes recherches \u00e0 plein temps dans le domaine de l&rsquo;apprentissage profond.&nbsp;\u00bb<\/p>\t\t\t\t\t\t\n\t\t\t\t\t\t\t\tKyunghyun Cho\t\t\t\t\t\t\t\t\n\t\t\t\t\t\t\t\t\tProfesseur agr\u00e9g\u00e9, Universit\u00e9 de New York; membre, programme Apprentissage automatique, apprentissage biologique du CIFAR, membre du programme des chercheurs mondiaux CIFAR-Azrieli 2017-2019\t\t\t\t\t\t\t\t\n\t\t\t\t<img decoding=\"async\" src=\"https:\/\/dlrl.ca\/wp-content\/uploads\/2020\/07\/testimonial-djeff-kanda-nkashama.jpg\" alt=\"D&#039;jeff Kanda Nkashama\" title=\"testimonial-djeff-kanda-nkashama\" itemprop=\"image\"\/>\n\t\t\t\t\t\t\t<p>\u00ab\u2009Ce qui m&rsquo;a le plus frapp\u00e9, c&rsquo;est l&rsquo;engagement du comit\u00e9 d&rsquo;organisation de l&rsquo;\u00c9cole d&rsquo;\u00e9t\u00e9 APAR \u00e0 promouvoir une IA inclusive. En tant que membre d&rsquo;une minorit\u00e9 visible, j&rsquo;ai eu la chance de recevoir la bourse Inclusivit\u00e9 en IA du CIFAR qui m&rsquo;a permis de participer pleinement \u00e0 ce programme enrichissant. Tout au long de la formation, j&rsquo;ai approfondi divers aspects de l&rsquo;apprentissage automatique, de l&rsquo;optimisation, de la vision par ordinateur, du traitement du langage naturel, ainsi que de l&rsquo;\u00e9thique et de la s\u00e9curit\u00e9 en mati\u00e8re d&rsquo;IA. L&rsquo;\u00e9tendue et la profondeur des connaissances couvertes \u00e9taient vraiment impressionnantes.&nbsp;\u00bb<\/p>\n\t\t\t\t\t\t\t\tD&rsquo;jeff Kanda Nkashama\t\t\t\t\t\t\t\t\n\t\t\t\t<img decoding=\"async\" src=\"https:\/\/dlrl.ca\/wp-content\/uploads\/2020\/07\/testimonial-alona-fyshe.jpg\" alt=\"Alona Fyshe\" title=\"testimonial-alona-fyshe\" itemprop=\"image\"\/>\n\t\t\t\t\t\t\t<p>\u00ab&nbsp;L&rsquo; EEAPAR est une formidable occasion de rassembler les futurs leaders de l&rsquo;IA dans le cadre d&rsquo;une exp\u00e9rience d&rsquo;apprentissage immersive et agr\u00e9able. C&rsquo;est aussi une bonne fa\u00e7on de pr\u00e9senter la profondeur des connaissances en IA et l&rsquo;expertise canadienne dans ce domaine.&nbsp;\u00bb<\/p>\t\t\t\t\t\t\n\t\t\t\t\t\t\t\tAlona Fyshe\t\t\t\t\t\t\t\t\n\t\t\t\t\t\t\t\t\tApprentissage automatique, apprentissage biologique, CIFAR <br \/>Titulaire d&rsquo;une chaire en IA Canada-CIFAR, Amii, Universit\u00e9 de l&rsquo;Alberta <br \/>Chercheuse mondiale CIFAR-Azrieli 2016-2018\t\t\t\t\t\t\t\t\n\t\n","protected":false},"excerpt":{"rendered":"<p>L\u00e0 o\u00f9 le monde apprend&nbsp;l&rsquo;IA Juillet 2026 P\u00e9riode d&rsquo;inscription \u00e0 venir 2026 : l&rsquo;\u00c9cole d&rsquo;\u00e9t\u00e9 sur l&rsquo;APAR fait peau&nbsp;neuve Depuis 2005, l&rsquo;\u00c9cole d&rsquo;\u00e9t\u00e9 sur l&rsquo;apprentissage profond et l&rsquo;apprentissage par renforcement (DLRL) du CIFAR s&rsquo;impose comme le principal incubateur de la rel\u00e8ve canadienne en&nbsp;IA. Pour suivre l&rsquo;\u00e9volution rapide du secteur, nous red\u00e9finissons l&rsquo;exp\u00e9rience de l&rsquo;\u00c9cole d&rsquo;\u00e9t\u00e9.&hellip;<\/p>\n","protected":false},"author":7,"featured_media":0,"parent":0,"menu_order":0,"comment_status":"closed","ping_status":"closed","template":"","meta":{"footnotes":""},"class_list":["post-482","page","type-page","status-publish","hentry"],"_links":{"self":[{"href":"https:\/\/dlrl.ca\/fr\/wp-json\/wp\/v2\/pages\/482","targetHints":{"allow":["GET"]}}],"collection":[{"href":"https:\/\/dlrl.ca\/fr\/wp-json\/wp\/v2\/pages"}],"about":[{"href":"https:\/\/dlrl.ca\/fr\/wp-json\/wp\/v2\/types\/page"}],"author":[{"embeddable":true,"href":"https:\/\/dlrl.ca\/fr\/wp-json\/wp\/v2\/users\/7"}],"replies":[{"embeddable":true,"href":"https:\/\/dlrl.ca\/fr\/wp-json\/wp\/v2\/comments?post=482"}],"version-history":[{"count":0,"href":"https:\/\/dlrl.ca\/fr\/wp-json\/wp\/v2\/pages\/482\/revisions"}],"wp:attachment":[{"href":"https:\/\/dlrl.ca\/fr\/wp-json\/wp\/v2\/media?parent=482"}],"curies":[{"name":"wp","href":"https:\/\/api.w.org\/{rel}","templated":true}]}}